{"id":3069,"date":"2025-06-17T14:12:21","date_gmt":"2025-06-17T12:12:21","guid":{"rendered":"https:\/\/provacy.com\/?page_id=3069"},"modified":"2025-09-25T11:50:38","modified_gmt":"2025-09-25T09:50:38","slug":"zeus-ai","status":"publish","type":"page","link":"https:\/\/provacy.com\/en\/zeus-ai\/","title":{"rendered":"Zeus, the AI assistant by Provacy"},"content":{"rendered":"<div class=\"wp-block-columns top-contact is-layout-flex wp-container-core-columns-layout-1 wp-block-columns-is-layout-flex\">\n<div class=\"wp-block-column is-layout-flow wp-block-column-is-layout-flow\">\n<div class=\"wp-block-group is-nowrap is-layout-flex wp-container-core-group-layout-2 wp-block-group-is-layout-flex\">\n<div class=\"wp-block-buttons is-layout-flex wp-block-buttons-is-layout-flex\">\n<div class=\"wp-block-button popmake-457\"><a class=\"wp-block-button__link wp-element-button\" href=\"#\"><i class=\"fal fa-envelope\"><\/i><\/a><\/div>\n<\/div>\n\n\n\n<div class=\"wp-block-group is-vertical is-layout-flex wp-container-core-group-layout-1 wp-block-group-is-layout-flex\" style=\"padding-top:0;padding-right:0;padding-bottom:0;padding-left:0\">\n<p><a href=\"#\" class=\"popmake-457\">Contact us<\/a><\/p>\n<\/div>\n<\/div>\n<\/div>\n\n\n\n<div class=\"wp-block-column is-layout-flow wp-block-column-is-layout-flow\">\n<div class=\"wp-block-group is-nowrap is-layout-flex wp-container-core-group-layout-4 wp-block-group-is-layout-flex\">\n<div class=\"wp-block-buttons is-layout-flex wp-block-buttons-is-layout-flex\">\n<div class=\"wp-block-button popmake-435\"><a class=\"wp-block-button__link wp-element-button\" href=\"#\"><i class=\"fal fa-turtle\"><\/i><\/a><\/div>\n<\/div>\n\n\n\n<div class=\"wp-block-group is-vertical is-layout-flex wp-container-core-group-layout-3 wp-block-group-is-layout-flex\" style=\"padding-top:0;padding-right:0;padding-bottom:0;padding-left:0\">\n<p><a href=\"#\" class=\"popmake-435\">For a guided tour ?<\/a><\/p>\n<\/div>\n<\/div>\n<\/div>\n\n\n\n<div class=\"wp-block-column is-layout-flow wp-block-column-is-layout-flow\">\n<div class=\"wp-block-group is-nowrap is-layout-flex wp-container-core-group-layout-6 wp-block-group-is-layout-flex\">\n<p><a href=\"#\" \nonclick=\"Calendly.initPopupWidget({url: 'https:\/\/calendly.com\/mj-provacy\/partenariat-provacy?hide_event_type_details=1&hide_gdpr_banner=1'});return false;\"\nclass=\"wp-block-button__link _popmake-490\"><i class=\"fal fa-calendar-check\"><\/i><\/a><\/p>\n\n\n\n<div class=\"wp-block-group is-vertical is-layout-flex wp-container-core-group-layout-5 wp-block-group-is-layout-flex\" style=\"padding-top:0;padding-right:0;padding-bottom:0;padding-left:0\">\n<p><a href=\"#\" \nonclick=\"Calendly.initPopupWidget({url: 'https:\/\/calendly.com\/mj-provacy\/partenariat-provacy?hide_event_type_details=1&hide_gdpr_banner=1'});return false;\"\nclass=\"mail-link _popmake-490\">Book your demo<\/a><\/p>\n<\/div>\n<\/div>\n<\/div>\n<\/div>\n\n\n\n<!-- Google tag (gtag.js) -->\n<script async src=\"https:\/\/www.googletagmanager.com\/gtag\/js?id=AW-16525892993\">\n<\/script>\n<script>\n  window.dataLayer = window.dataLayer || [];\n  function gtag(){dataLayer.push(arguments);}\n  gtag('js', new Date());\n\n  gtag('config', 'AW-16525892993');\n<\/script>\n<!-- D\u00e9but de widget de badge Calendly -->\n<link href=\"https:\/\/assets.calendly.com\/assets\/external\/widget.css\" rel=\"stylesheet\">\n<script src=\"https:\/\/assets.calendly.com\/assets\/external\/widget.js\" type=\"text\/javascript\" async><\/script>\n<script type=\"text\/javascript\">window.onload = function() { Calendly.initBadgeWidget({ url: 'https:\/\/calendly.com\/mj-provacy\/partenariat-provacy?hide_event_type_details=1', text: '<span class=\"fal fa-calendar-check\"><\/span> R\u00e9server une d\u00e9mo', color: '#6db650', textColor: '#ffffff', branding: undefined }); }<\/script>\n<!-- Fin de widget de badge Calendly -->\n\n\n\n<style>\n.comparison-table {\n    border-collapse: collapse;\n    width: 100%;\n  }\n\n    .wp-block-spacer {\n        height: 0px !important;\n    }\n\n  .comparison-table th,\n  .comparison-table td {\n    _border: 1px solid #ccc;\n    padding: 12px;\n    vertical-align: top;\n    text-align: left;\n  }\n\n.comparison-table,\n.comparison-table * {\nborder: none\n}\n.comparison-table tr {\n  border-bottom: 1px solid #ccc;\n}\n\n  .comparison-table thead th {\n    background-color: deeppink;\n    color: white;\n  }\n\n  .comparison-table tbody td {\n    padding: 8px;\n  }\n\n.comparison-table {\nfont-size: medium;\n}\n\n.comparison-table th:nth-child(3),\n.comparison-table th:nth-child(4),\n.comparison-table td:nth-child(3),\n.comparison-table td:nth-child(4) {\n_display: none;\n}\n\nh3:not(:last-child)\n {\n        border-left: 5px solid deeppink !important;\n        padding-left: 20px;\nmargin-top: 60px;\n    }\n\n    .zeus span {\n        font-size: 6em;\n        background-color: deeppink;\n        color: white;\n        padding: 20px;\n        border-radius: 50%;\n    }\n    .zeus {\n        text-align: center;\n        margin-bottom: 40px;\nmargin-top: 40px;\n    }\n\n@media print {\nheader#masthead,\n    nav.navigation.post-navigation,\n    .entry-meta,\n.main-header-bar.ast-header-breadcrumb,\nfooter#colophon {\n    display: none;\n}\n    \nbody,\narticle {\n    background-color: #3b3c36 !important;\n}\ndiv#content {\n    background-color: #3c3d36;\n}\n\n* {\n  -webkit-print-color-adjust:exact !important;\n  print-color-adjust:exact !important;\n}\n\n    .wp-block-spacer {\n        height: 15px !important;\n    }\n    \n}\n<\/style>\n\n\n\n<h2 class=\"wp-block-heading has-text-align-center\">Zeus, the AI assistant by Provacy<\/h2>\n\n\n\n<div class=\"zeus\"><span class=\"fp7y-zeus\"><\/span><\/div>\n\n\n\n<h3 class=\"wp-block-heading\">Compliance accelerator<\/h3>\n\n\n\n<p>Designed to save you time, Zeus the AI assistant transforms GDPR complexity into useful, simple, and concrete actions:<\/p>\n\n\n\n<ul>\n<li>Smart draft creation<\/li>\n\n\n\n<li>Instant analyses and compliance assessment<\/li>\n\n\n\n<li>Precise comparisons<\/li>\n\n\n\n<li>Expert search<\/li>\n<\/ul>\n\n\n\n<p>Beyond its specialized functions, Zeus is a full conversational assistant, always ready to answer your questions, anytime.<\/p>\n\n\n\n<div class=\"wp-block-group is-content-justification-center is-nowrap is-layout-flex wp-container-core-group-layout-7 wp-block-group-is-layout-flex\">\n<figure class=\"wp-block-image size-large\"><img loading=\"lazy\" decoding=\"async\" width=\"1024\" height=\"499\" src=\"https:\/\/provacy.com\/wp-content\/uploads\/2025\/09\/Demo-General-2025-09-25_11_45.png\" alt=\"\" class=\"wp-image-3448\" srcset=\"https:\/\/provacy.com\/wp-content\/uploads\/2025\/09\/Demo-General-2025-09-25_11_45.png 1921w, https:\/\/provacy.com\/wp-content\/uploads\/2025\/09\/Demo-General-2025-09-25_11_45-300x146.png 300w, https:\/\/provacy.com\/wp-content\/uploads\/2025\/09\/Demo-General-2025-09-25_11_45-1024x499.png 1024w, https:\/\/provacy.com\/wp-content\/uploads\/2025\/09\/Demo-General-2025-09-25_11_45-768x374.png 768w, https:\/\/provacy.com\/wp-content\/uploads\/2025\/09\/Demo-General-2025-09-25_11_45-1536x748.png 1536w, https:\/\/provacy.com\/wp-content\/uploads\/2025\/09\/Demo-General-2025-09-25_11_45-18x9.png 18w\" sizes=\"(max-width: 1024px) 100vw, 1024px\" \/><\/figure>\n<\/div>\n\n\n\n<h3 class=\"wp-block-heading\">An assistant++ for the price of a chatbot<\/h3>\n\n\n\n<p>Zeus stands out thanks to its ultra-light architecture, which dynamically adapts to each interaction. It uses only 800 tokens at rest, in minimal configuration, and can deploy up to 3,900 tokens to perform its most complex tasks \u2014 such as creating or updating processing records, leveraging its expert knowledge of the GDPR. Where others just chat, Zeus acts, analyzes, and proposes solutions.<\/p>\n\n\n\n<h3 class=\"wp-block-heading\">A healthy mind in a healthy body<\/h3>\n\n\n\n<p>Agile and sharp, Zeus thrives on simplicity, making it easy to work with. Without any special training or tedious fine-tuning, it naturally integrates into its environment. Compatible with the best models on the market (GPT-4.1 \/ mini, Gemini, Mistral Large, etc.), it even accepts your own API key for full control.<\/p>\n\n\n\n<p>To fully harness its potential, a minimal context of 32k tokens is recommended (3k for its framework, leaving 29k for conversational tracking). And of course, the larger its playground, the better it performs.<\/p>\n\n\n\n<div class=\"wp-block-group is-content-justification-center is-nowrap is-layout-flex wp-container-core-group-layout-8 wp-block-group-is-layout-flex\" style=\"padding-top:var(--wp--preset--spacing--40);padding-bottom:var(--wp--preset--spacing--40)\">\n<figure class=\"wp-block-image size-large\"><img loading=\"lazy\" decoding=\"async\" width=\"1024\" height=\"393\" src=\"https:\/\/provacy.com\/wp-content\/uploads\/2025\/07\/image-6.png\" alt=\"\" class=\"wp-image-3343\" srcset=\"https:\/\/provacy.com\/wp-content\/uploads\/2025\/07\/image-6.png 2020w, https:\/\/provacy.com\/wp-content\/uploads\/2025\/07\/image-6-300x127.png 300w, https:\/\/provacy.com\/wp-content\/uploads\/2025\/07\/image-6-1024x433.png 1024w, https:\/\/provacy.com\/wp-content\/uploads\/2025\/07\/image-6-768x325.png 768w, https:\/\/provacy.com\/wp-content\/uploads\/2025\/07\/image-6-1536x649.png 1536w, https:\/\/provacy.com\/wp-content\/uploads\/2025\/07\/image-6-18x8.png 18w\" sizes=\"(max-width: 1024px) 100vw, 1024px\" \/><\/figure>\n<\/div>\n\n\n\n<p>No confidential data, such as the names of your software, tools, or third parties, is shared with the AI model.<\/p>\n\n\n\n<h3 class=\"wp-block-heading\">Prices<\/h3>\n\n\n\n<table class=\"comparison-table\">\n  <thead>\n    <tr>\n      <th>Option<\/th>\n      <th>Price excl. VAT \/ year<\/th>\n    <\/tr>\n  <\/thead>\n  <tbody>\n    <tr>\n      <td><strong>Assistant without API key provided<\/strong><\/td>\n      <td>1200 \u20ac<\/td>\n    <\/tr>\n    <tr>\n      <td><strong>Assistant + API key<\/strong><\/td>\n      <td>1800 \u20ac<\/td>\n    <\/tr>\n  <\/tbody>\n<\/table>\n\n\n\n<p>Prices and transaction limits depend on the AI models used. The \u20ac1,800 excl. VAT\/year price includes: <\/p>\n\n\n\n<ul>\n<li>Management of your API key(s): \u20ac360 <\/li>\n\n\n\n<li>AI model usage cost: \u20ac20\/month of transactions, totaling \u20ac240<\/li>\n<\/ul>\n\n\n\n<p>The volume can be adjusted according to your needs, and the price will be adapted accordingly based on the model used.<\/p>\n\n\n\n<div style=\"height:40px\" aria-hidden=\"true\" class=\"wp-block-spacer\"><\/div>\n\n\n\n<h3 class=\"wp-block-heading\">Example Models and Usage Limits<\/h3>\n\n\n\n<p>Here is an estimate of possible use cases for \u20ac20 tokens\/month based on GPT and Mistral models. The GPT-4.1 model is currently recommended for optimal assistant performance.<\/p>\n\n\n\n<table class=\"comparison-table\">\n  <thead>\n    <tr style=\"background-color: #f0f0f0\">\n      <th>Model<\/th>\n      <th>AI Quality<\/th>\n      <th>Input \u20ac\/k<\/th>\n      <th>Output \u20ac\/k<\/th>\n      <th>Total \u20ac\/k (60\/40)<\/th>\n      <th>Approx. Tokens Available<\/th>\n      <th>Estimated Analyses (10k tokens each)<\/th>\n      <th>Recommended Users<\/th>\n    <\/tr>\n  <\/thead>\n  <tbody>\n    <tr>\n      <td><strong>GPT-4.1<\/strong><\/td>\n      <td style=\"color: green\">\ud83d\udfe2 Excellent<\/td>\n      <td>0.01<\/td>\n      <td>0.03<\/td>\n      <td><strong>0.018<\/strong><\/td>\n      <td>~13.3 M<\/td>\n      <td>~1300 calls<\/td>\n      <td>1 (max 2)<\/td>\n    <\/tr>\n    <tr>\n      <td><strong>GPT-4.1 Mini<\/strong><\/td>\n      <td style=\"color: #d4a017\">\ud83d\udfe1 Good<\/td>\n      <td>0.006<\/td>\n      <td>0.012<\/td>\n      <td><strong>0.0072<\/strong><\/td>\n      <td>~33.3 M<\/td>\n      <td>~3300 calls<\/td>\n      <td>3 (max 4)<\/td>\n    <\/tr>\n    <tr>\n      <td><strong>Mistral Large<\/strong><\/td>\n      <td style=\"color: #d97300\">\ud83d\udfe0 Above Average<\/td>\n      <td>0.004<\/td>\n      <td>0.012<\/td>\n      <td><strong>0.0088<\/strong><\/td>\n      <td>~27.3 M<\/td>\n      <td>~2700 calls<\/td>\n      <td>2 (max 3)<\/td>\n    <\/tr>\n    <tr>\n      <td><strong>Mistral Medium<\/strong><\/td>\n      <td style=\"color: #d97300\">\ud83d\udfe0 Average<\/td>\n      <td>0.002<\/td>\n      <td>0.006<\/td>\n      <td><strong>0.0036<\/strong><\/td>\n      <td>~66.6 M<\/td>\n      <td>~6600 calls<\/td>\n      <td>6 (max 8)<\/td>\n    <\/tr>\n  <\/tbody>\n<\/table>\n\n\n\n<h3 class=\"wp-block-heading\">Comparison<\/h3>\n\n\n\n<table class=\"comparison-table\">\n  <thead>\n    <tr>\n      <th>Criterion<\/th>\n      <th>Zeus (Provacy)<\/th>\n      <th>Classic AI Systems<\/th>\n      <th>Heavier AI Systems<\/th>\n    <\/tr>\n  <\/thead>\n  <tbody>\n    <tr>\n      <td>System Size<\/td>\n      <td>800 to 3,900 tokens<\/td>\n      <td>2,000 to 5,000 tokens<\/td>\n      <td>5,000 to 10,000+ tokens<\/td>\n    <\/tr>\n    <tr>\n      <td>Governance Rules (Ease of Understanding)<\/td>\n      <td>Clear and simple, adapted for non-expert users<\/td>\n      <td>Often complex, technical jargon or internal AI terms<\/td>\n      <td>Very detailed, sometimes hard to follow without expertise<\/td>\n    <\/tr>\n    <tr>\n      <td>Typical Use Cases<\/td>\n      <td>\n        Deep GDPR expertise, comparative analysis<br>\n        Pre-filled record creation (AI suggestions + user edits)<br>\n        Step-by-step guided updates with validation\n      <\/td>\n      <td>\n        Simple FAQ, info extraction, short text generation<br>\n        Standard assistance, no granular validation\n      <\/td>\n      <td>\n        Complex copilots managing multi-object and multi-process workflows<br>\n        Cross-document analysis, full workflows\n      <\/td>\n    <\/tr>\n    <tr>\n      <td>Data Compliance and Security<\/td>\n      <td>\n        Explicit user consent for data transmission<br>\n        Full data visualization<br>\n        Final granular validation of updates<br>\n        No AI exchange storage, session-only data\n      <\/td>\n      <td>\n        Variable, often unclear data handling and storage<br>\n        Little or no granular user validation\n      <\/td>\n      <td>\n        Highly variable, often long-term storage and automated analyses<br>\n        More enterprise-focused with specific constraints\n      <\/td>\n    <\/tr>\n    <tr>\n      <td>AI Model Compatibility<\/td>\n      <td>\n        Compatible with GPT-4.1, Mistral Large, Gemini, other high-performance LLMs<br>\n        Key provided or client key as needed\n      <\/td>\n      <td>\n        Often dependent on a single or limited model\n      <\/td>\n      <td>\n        Sometimes closed, dependent on specific AI vendor\n      <\/td>\n    <\/tr>\n    <tr>\n      <td>Integration and Maintenance Flexibility<\/td>\n      <td>\n        Modular architecture, tools auto-loaded\/unloaded<br>\n        Smooth session management, lightweight context retention (20 messages)\n      <\/td>\n      <td>\n        Generally static, not optimized for long interactions\n      <\/td>\n      <td>\n        Can be complex to maintain, often heavy integration\n      <\/td>\n    <\/tr>\n  <\/tbody>\n<\/table>\n\n\n\n<p><\/p>","protected":false},"excerpt":{"rendered":"<p>Zeus, l'assistant IA par Provacy Acc\u00e9l\u00e9rateur de conformit\u00e9 Pens\u00e9 pour vous faire gagner du temps, l'assistant IA Zeus transforme la complexit\u00e9 du RGPD en actions utiles, simples et concr\u00e8tes: En plus de ces fonctions expertes, Zeus reste un assistant conversationnel complet, toujours pr\u00eat \u00e0 r\u00e9pondre \u00e0 vos questions. Vous pouvez l'utiliser \u00e0 votre guise. Un &hellip;<\/p>\n<p class=\"read-more\"> <a class=\"\" href=\"https:\/\/provacy.com\/en\/zeus-ai\/\"> <span class=\"screen-reader-text\">Zeus, the AI assistant by Provacy<\/span> Read More &raquo;<\/a><\/p>","protected":false},"author":1,"featured_media":0,"parent":0,"menu_order":0,"comment_status":"closed","ping_status":"closed","template":"","meta":{"site-sidebar-layout":"default","site-content-layout":"","ast-site-content-layout":"default","site-content-style":"default","site-sidebar-style":"default","ast-global-header-display":"","ast-banner-title-visibility":"","ast-main-header-display":"","ast-hfb-above-header-display":"","ast-hfb-below-header-display":"","ast-hfb-mobile-header-display":"","site-post-title":"","ast-breadcrumbs-content":"","ast-featured-img":"","footer-sml-layout":"","theme-transparent-header-meta":"","adv-header-id-meta":"","stick-header-meta":"","header-above-stick-meta":"","header-main-stick-meta":"","header-below-stick-meta":"","astra-migrate-meta-layouts":"set","footnotes":""},"yoast_head":"<!-- This site is optimized with the Yoast SEO plugin v23.3 - https:\/\/yoast.com\/wordpress\/plugins\/seo\/ -->\n<title>Zeus, l&#039;assistant IA par Provacy - Provacy<\/title>\n<meta name=\"robots\" content=\"index, follow, max-snippet:-1, max-image-preview:large, max-video-preview:-1\" \/>\n<link rel=\"canonical\" href=\"https:\/\/provacy.com\/en\/zeus-ai\/\" \/>\n<meta property=\"og:locale\" content=\"en_GB\" \/>\n<meta property=\"og:type\" content=\"article\" \/>\n<meta property=\"og:title\" content=\"Zeus, l&#039;assistant IA par Provacy - Provacy\" \/>\n<meta property=\"og:description\" content=\"Zeus, l&#039;assistant IA par Provacy Acc\u00e9l\u00e9rateur de conformit\u00e9 Pens\u00e9 pour vous faire gagner du temps, l&#039;assistant IA Zeus transforme la complexit\u00e9 du RGPD en actions utiles, simples et concr\u00e8tes: En plus de ces fonctions expertes, Zeus reste un assistant conversationnel complet, toujours pr\u00eat \u00e0 r\u00e9pondre \u00e0 vos questions. Vous pouvez l&#039;utiliser \u00e0 votre guise. Un &hellip; Zeus, l&#039;assistant IA par Provacy Read More &raquo;\" \/>\n<meta property=\"og:url\" content=\"https:\/\/provacy.com\/en\/zeus-ai\/\" \/>\n<meta property=\"og:site_name\" content=\"Provacy\" \/>\n<meta property=\"article:modified_time\" content=\"2025-09-25T09:50:38+00:00\" \/>\n<meta property=\"og:image\" content=\"https:\/\/provacy.com\/wp-content\/uploads\/2025\/09\/Demo-General-2025-09-25_11_43-1024x499.png\" \/>\n<meta name=\"twitter:card\" content=\"summary_large_image\" \/>\n<meta name=\"twitter:site\" content=\"@provacyRGPD\" \/>\n<meta name=\"twitter:label1\" content=\"Estimated reading time\" \/>\n\t<meta name=\"twitter:data1\" content=\"5 minutes\" \/>\n<script type=\"application\/ld+json\" class=\"yoast-schema-graph\">{\"@context\":\"https:\/\/schema.org\",\"@graph\":[{\"@type\":\"WebPage\",\"@id\":\"https:\/\/provacy.com\/zeus-ai\/\",\"url\":\"https:\/\/provacy.com\/zeus-ai\/\",\"name\":\"Zeus, l'assistant IA par Provacy - Provacy\",\"isPartOf\":{\"@id\":\"https:\/\/provacy.com\/#website\"},\"primaryImageOfPage\":{\"@id\":\"https:\/\/provacy.com\/zeus-ai\/#primaryimage\"},\"image\":{\"@id\":\"https:\/\/provacy.com\/zeus-ai\/#primaryimage\"},\"thumbnailUrl\":\"https:\/\/provacy.com\/wp-content\/uploads\/2025\/09\/Demo-General-2025-09-25_11_43-1024x499.png\",\"datePublished\":\"2025-06-17T12:12:21+00:00\",\"dateModified\":\"2025-09-25T09:50:38+00:00\",\"breadcrumb\":{\"@id\":\"https:\/\/provacy.com\/zeus-ai\/#breadcrumb\"},\"inLanguage\":\"en-GB\",\"potentialAction\":[{\"@type\":\"ReadAction\",\"target\":[\"https:\/\/provacy.com\/zeus-ai\/\"]}]},{\"@type\":\"ImageObject\",\"inLanguage\":\"en-GB\",\"@id\":\"https:\/\/provacy.com\/zeus-ai\/#primaryimage\",\"url\":\"https:\/\/provacy.com\/wp-content\/uploads\/2025\/09\/Demo-General-2025-09-25_11_43-1024x499.png\",\"contentUrl\":\"https:\/\/provacy.com\/wp-content\/uploads\/2025\/09\/Demo-General-2025-09-25_11_43-1024x499.png\"},{\"@type\":\"BreadcrumbList\",\"@id\":\"https:\/\/provacy.com\/zeus-ai\/#breadcrumb\",\"itemListElement\":[{\"@type\":\"ListItem\",\"position\":1,\"name\":\"Accueil\",\"item\":\"https:\/\/provacy.com\/\"},{\"@type\":\"ListItem\",\"position\":2,\"name\":\"Zeus, l'assistant IA par Provacy\"}]},{\"@type\":\"WebSite\",\"@id\":\"https:\/\/provacy.com\/#website\",\"url\":\"https:\/\/provacy.com\/\",\"name\":\"Provacy\",\"description\":\"L&#039;appli Conformit\u00e9\",\"publisher\":{\"@id\":\"https:\/\/provacy.com\/#organization\"},\"potentialAction\":[{\"@type\":\"SearchAction\",\"target\":{\"@type\":\"EntryPoint\",\"urlTemplate\":\"https:\/\/provacy.com\/?s={search_term_string}\"},\"query-input\":\"required name=search_term_string\"}],\"inLanguage\":\"en-GB\"},{\"@type\":\"Organization\",\"@id\":\"https:\/\/provacy.com\/#organization\",\"name\":\"Provacy\",\"url\":\"https:\/\/provacy.com\/\",\"logo\":{\"@type\":\"ImageObject\",\"inLanguage\":\"en-GB\",\"@id\":\"https:\/\/provacy.com\/#\/schema\/logo\/image\/\",\"url\":\"https:\/\/provacy.com\/wp-content\/uploads\/2023\/10\/cropped-power-logo-white-slogan.png\",\"contentUrl\":\"https:\/\/provacy.com\/wp-content\/uploads\/2023\/10\/cropped-power-logo-white-slogan.png\",\"width\":1231,\"height\":272,\"caption\":\"Provacy\"},\"image\":{\"@id\":\"https:\/\/provacy.com\/#\/schema\/logo\/image\/\"},\"sameAs\":[\"https:\/\/x.com\/provacyRGPD\"]}]}<\/script>\n<!-- \/ Yoast SEO plugin. -->","yoast_head_json":{"title":"Zeus, l'assistant IA par Provacy - Provacy","robots":{"index":"index","follow":"follow","max-snippet":"max-snippet:-1","max-image-preview":"max-image-preview:large","max-video-preview":"max-video-preview:-1"},"canonical":"https:\/\/provacy.com\/en\/zeus-ai\/","og_locale":"en_GB","og_type":"article","og_title":"Zeus, l'assistant IA par Provacy - Provacy","og_description":"Zeus, l'assistant IA par Provacy Acc\u00e9l\u00e9rateur de conformit\u00e9 Pens\u00e9 pour vous faire gagner du temps, l'assistant IA Zeus transforme la complexit\u00e9 du RGPD en actions utiles, simples et concr\u00e8tes: En plus de ces fonctions expertes, Zeus reste un assistant conversationnel complet, toujours pr\u00eat \u00e0 r\u00e9pondre \u00e0 vos questions. Vous pouvez l'utiliser \u00e0 votre guise. Un &hellip; Zeus, l'assistant IA par Provacy Read More &raquo;","og_url":"https:\/\/provacy.com\/en\/zeus-ai\/","og_site_name":"Provacy","article_modified_time":"2025-09-25T09:50:38+00:00","og_image":[{"url":"https:\/\/provacy.com\/wp-content\/uploads\/2025\/09\/Demo-General-2025-09-25_11_43-1024x499.png"}],"twitter_card":"summary_large_image","twitter_site":"@provacyRGPD","twitter_misc":{"Estimated reading time":"5 minutes"},"schema":{"@context":"https:\/\/schema.org","@graph":[{"@type":"WebPage","@id":"https:\/\/provacy.com\/zeus-ai\/","url":"https:\/\/provacy.com\/zeus-ai\/","name":"Zeus, l'assistant IA par Provacy - Provacy","isPartOf":{"@id":"https:\/\/provacy.com\/#website"},"primaryImageOfPage":{"@id":"https:\/\/provacy.com\/zeus-ai\/#primaryimage"},"image":{"@id":"https:\/\/provacy.com\/zeus-ai\/#primaryimage"},"thumbnailUrl":"https:\/\/provacy.com\/wp-content\/uploads\/2025\/09\/Demo-General-2025-09-25_11_43-1024x499.png","datePublished":"2025-06-17T12:12:21+00:00","dateModified":"2025-09-25T09:50:38+00:00","breadcrumb":{"@id":"https:\/\/provacy.com\/zeus-ai\/#breadcrumb"},"inLanguage":"en-GB","potentialAction":[{"@type":"ReadAction","target":["https:\/\/provacy.com\/zeus-ai\/"]}]},{"@type":"ImageObject","inLanguage":"en-GB","@id":"https:\/\/provacy.com\/zeus-ai\/#primaryimage","url":"https:\/\/provacy.com\/wp-content\/uploads\/2025\/09\/Demo-General-2025-09-25_11_43-1024x499.png","contentUrl":"https:\/\/provacy.com\/wp-content\/uploads\/2025\/09\/Demo-General-2025-09-25_11_43-1024x499.png"},{"@type":"BreadcrumbList","@id":"https:\/\/provacy.com\/zeus-ai\/#breadcrumb","itemListElement":[{"@type":"ListItem","position":1,"name":"Accueil","item":"https:\/\/provacy.com\/"},{"@type":"ListItem","position":2,"name":"Zeus, l'assistant IA par Provacy"}]},{"@type":"WebSite","@id":"https:\/\/provacy.com\/#website","url":"https:\/\/provacy.com\/","name":"Provacy","description":"We Help You Comply","publisher":{"@id":"https:\/\/provacy.com\/#organization"},"potentialAction":[{"@type":"SearchAction","target":{"@type":"EntryPoint","urlTemplate":"https:\/\/provacy.com\/?s={search_term_string}"},"query-input":"required name=search_term_string"}],"inLanguage":"en-GB"},{"@type":"Organization","@id":"https:\/\/provacy.com\/#organization","name":"Provacy","url":"https:\/\/provacy.com\/","logo":{"@type":"ImageObject","inLanguage":"en-GB","@id":"https:\/\/provacy.com\/#\/schema\/logo\/image\/","url":"https:\/\/provacy.com\/wp-content\/uploads\/2023\/10\/cropped-power-logo-white-slogan.png","contentUrl":"https:\/\/provacy.com\/wp-content\/uploads\/2023\/10\/cropped-power-logo-white-slogan.png","width":1231,"height":272,"caption":"Provacy"},"image":{"@id":"https:\/\/provacy.com\/#\/schema\/logo\/image\/"},"sameAs":["https:\/\/x.com\/provacyRGPD"]}]}},"_links":{"self":[{"href":"https:\/\/provacy.com\/en\/wp-json\/wp\/v2\/pages\/3069"}],"collection":[{"href":"https:\/\/provacy.com\/en\/wp-json\/wp\/v2\/pages"}],"about":[{"href":"https:\/\/provacy.com\/en\/wp-json\/wp\/v2\/types\/page"}],"author":[{"embeddable":true,"href":"https:\/\/provacy.com\/en\/wp-json\/wp\/v2\/users\/1"}],"replies":[{"embeddable":true,"href":"https:\/\/provacy.com\/en\/wp-json\/wp\/v2\/comments?post=3069"}],"version-history":[{"count":12,"href":"https:\/\/provacy.com\/en\/wp-json\/wp\/v2\/pages\/3069\/revisions"}],"predecessor-version":[{"id":3453,"href":"https:\/\/provacy.com\/en\/wp-json\/wp\/v2\/pages\/3069\/revisions\/3453"}],"wp:attachment":[{"href":"https:\/\/provacy.com\/en\/wp-json\/wp\/v2\/media?parent=3069"}],"curies":[{"name":"wp","href":"https:\/\/api.w.org\/{rel}","templated":true}]}}